{"id":306,"date":"2023-07-27T17:17:17","date_gmt":"2023-07-27T17:17:17","guid":{"rendered":"https:\/\/decor-family.fr\/?page_id=306"},"modified":"2023-07-31T10:20:48","modified_gmt":"2023-07-31T10:20:48","slug":"electricite","status":"publish","type":"page","link":"https:\/\/decor-family.fr\/en\/electricite\/","title":{"rendered":"Electricity"},"content":{"rendered":"<div data-elementor-type=\"wp-page\" data-elementor-id=\"306\" class=\"elementor elementor-306\">\n\t\t\t\t\t\t<section class=\"elementor-section elementor-top-section elementor-element elementor-element-7f592f78 elementor-section-full_width elementor-section-height-default elementor-section-height-default\" data-id=\"7f592f78\" data-element_type=\"section\" data-settings=\"{&quot;background_background&quot;:&quot;classic&quot;}\">\n\t\t\t\t\t\t<div class=\"elementor-container elementor-column-gap-default\">\n\t\t\t\t\t<div class=\"elementor-column elementor-col-100 elementor-top-column elementor-element elementor-element-29174270\" data-id=\"29174270\" data-element_type=\"column\">\n\t\t\t<div class=\"elementor-widget-wrap elementor-element-populated\">\n\t\t\t\t\t\t<section class=\"elementor-section elementor-inner-section elementor-element elementor-element-1191f79e elementor-section-boxed elementor-section-height-default elementor-section-height-default\" data-id=\"1191f79e\" data-element_type=\"section\" data-settings=\"{&quot;background_background&quot;:&quot;classic&quot;}\">\n\t\t\t\t\t\t\t<div class=\"elementor-background-overlay\"><\/div>\n\t\t\t\t\t\t\t<div class=\"elementor-container elementor-column-gap-default\">\n\t\t\t\t\t<div class=\"elementor-column elementor-col-100 elementor-inner-column elementor-element elementor-element-444e558c\" data-id=\"444e558c\" data-element_type=\"column\">\n\t\t\t<div class=\"elementor-widget-wrap elementor-element-populated\">\n\t\t\t\t\t\t<div class=\"elementor-element elementor-element-27009838 elementor-invisible elementor-widget elementor-widget-heading\" data-id=\"27009838\" data-element_type=\"widget\" data-settings=\"{&quot;_animation&quot;:&quot;fadeInUp&quot;}\" data-widget_type=\"heading.default\">\n\t\t\t\t<div class=\"elementor-widget-container\">\n\t\t\t<style>\/*! elementor - v3.21.0 - 15-04-2024 *\/\n.elementor-heading-title{padding:0;margin:0;line-height:1}.elementor-widget-heading .elementor-heading-title[class*=elementor-size-]>a{color:inherit;font-size:inherit;line-height:inherit}.elementor-widget-heading .elementor-heading-title.elementor-size-small{font-size:15px}.elementor-widget-heading .elementor-heading-title.elementor-size-medium{font-size:19px}.elementor-widget-heading .elementor-heading-title.elementor-size-large{font-size:29px}.elementor-widget-heading .elementor-heading-title.elementor-size-xl{font-size:39px}.elementor-widget-heading .elementor-heading-title.elementor-size-xxl{font-size:59px}<\/style><h1 class=\"elementor-heading-title elementor-size-default\">Electricity<\/h1>\t\t<\/div>\n\t\t\t\t<\/div>\n\t\t\t\t<div class=\"elementor-element elementor-element-59e2f004 elementor-invisible elementor-widget elementor-widget-heading\" data-id=\"59e2f004\" data-element_type=\"widget\" data-settings=\"{&quot;_animation&quot;:&quot;fadeInUp&quot;,&quot;_animation_delay&quot;:200}\" data-widget_type=\"heading.default\">\n\t\t\t\t<div class=\"elementor-widget-container\">\n\t\t\t<h4 class=\"elementor-heading-title elementor-size-default\">Quality work assured by dedicated professionals.<\/h4>\t\t<\/div>\n\t\t\t\t<\/div>\n\t\t\t\t\t<\/div>\n\t\t<\/div>\n\t\t\t\t\t<\/div>\n\t\t<\/section>\n\t\t\t\t\t<\/div>\n\t\t<\/div>\n\t\t\t\t\t<\/div>\n\t\t<\/section>\n\t\t\t\t<section class=\"elementor-section elementor-top-section elementor-element elementor-element-47930ae6 elementor-section-boxed elementor-section-height-default elementor-section-height-default\" data-id=\"47930ae6\" data-element_type=\"section\">\n\t\t\t\t\t\t<div class=\"elementor-container elementor-column-gap-default\">\n\t\t\t\t\t<div class=\"elementor-column elementor-col-50 elementor-top-column elementor-element elementor-element-1bdf8742\" data-id=\"1bdf8742\" data-element_type=\"column\">\n\t\t\t<div class=\"elementor-widget-wrap elementor-element-populated\">\n\t\t\t\t\t\t<div class=\"elementor-element elementor-element-54f4a1e3 elementor-widget elementor-widget-heading\" data-id=\"54f4a1e3\" data-element_type=\"widget\" data-widget_type=\"heading.default\">\n\t\t\t\t<div class=\"elementor-widget-container\">\n\t\t\t<h3 class=\"elementor-heading-title elementor-size-default\">Electricity<\/h3>\t\t<\/div>\n\t\t\t\t<\/div>\n\t\t\t\t<div class=\"elementor-element elementor-element-6c3c0268 elementor-widget elementor-widget-text-editor\" data-id=\"6c3c0268\" data-element_type=\"widget\" data-widget_type=\"text-editor.default\">\n\t\t\t\t<div class=\"elementor-widget-container\">\n\t\t\t<style>\/*! elementor - v3.21.0 - 15-04-2024 *\/\n.elementor-widget-text-editor.elementor-drop-cap-view-stacked .elementor-drop-cap{background-color:#69727d;color:#fff}.elementor-widget-text-editor.elementor-drop-cap-view-framed .elementor-drop-cap{color:#69727d;border:3px solid;background-color:transparent}.elementor-widget-text-editor:not(.elementor-drop-cap-view-default) .elementor-drop-cap{margin-top:8px}.elementor-widget-text-editor:not(.elementor-drop-cap-view-default) .elementor-drop-cap-letter{width:1em;height:1em}.elementor-widget-text-editor .elementor-drop-cap{float:left;text-align:center;line-height:1;font-size:50px}.elementor-widget-text-editor .elementor-drop-cap-letter{display:inline-block}<\/style>\t\t\t\t<p>Our professional electrical service provides you with reliable expertise and high-level technical know-how to meet all your needs for installations, repairs, and energy solutions. With our qualified team, you can rely on customized and secure solutions to ensure efficient and safe operation of your electrical systems.<\/p>\t\t\t\t\t\t<\/div>\n\t\t\t\t<\/div>\n\t\t\t\t<div class=\"elementor-element elementor-element-1de7d4b7 elementor-widget elementor-widget-text-editor\" data-id=\"1de7d4b7\" data-element_type=\"widget\" data-widget_type=\"text-editor.default\">\n\t\t\t\t<div class=\"elementor-widget-container\">\n\t\t\t\t\t\t\t<p>Trust our team of electrical experts for customized solutions and a meticulous approach to your residential, commercial, or industrial projects. We are committed to providing you with superior quality services, with special attention to safety standards, ensuring the proper functioning and durability of your electrical installations.<\/p>\t\t\t\t\t\t<\/div>\n\t\t\t\t<\/div>\n\t\t\t\t<div class=\"elementor-element elementor-element-906c7e1 elementor-widget elementor-widget-image\" data-id=\"906c7e1\" data-element_type=\"widget\" data-widget_type=\"image.default\">\n\t\t\t\t<div class=\"elementor-widget-container\">\n\t\t\t<style>\/*! elementor - v3.21.0 - 15-04-2024 *\/\n.elementor-widget-image{text-align:center}.elementor-widget-image a{display:inline-block}.elementor-widget-image a img[src$=\".svg\"]{width:48px}.elementor-widget-image img{vertical-align:middle;display:inline-block}<\/style>\t\t\t\t\t\t\t\t\t\t<img fetchpriority=\"high\" decoding=\"async\" width=\"800\" height=\"534\" src=\"https:\/\/decor-family.fr\/wp-content\/uploads\/2023\/07\/30510361-1024x683.webp\" class=\"attachment-large size-large wp-image-320\" alt=\"\" srcset=\"https:\/\/decor-family.fr\/wp-content\/uploads\/2023\/07\/30510361-1024x683.webp 1024w, https:\/\/decor-family.fr\/wp-content\/uploads\/2023\/07\/30510361-300x200.webp 300w, https:\/\/decor-family.fr\/wp-content\/uploads\/2023\/07\/30510361-768x512.webp 768w, https:\/\/decor-family.fr\/wp-content\/uploads\/2023\/07\/30510361-18x12.webp 18w, https:\/\/decor-family.fr\/wp-content\/uploads\/2023\/07\/30510361.webp 1500w\" sizes=\"(max-width: 800px) 100vw, 800px\" \/>\t\t\t\t\t\t\t\t\t\t\t\t\t<\/div>\n\t\t\t\t<\/div>\n\t\t\t\t\t<\/div>\n\t\t<\/div>\n\t\t\t\t<div class=\"elementor-column elementor-col-50 elementor-top-column elementor-element elementor-element-2025861f\" data-id=\"2025861f\" data-element_type=\"column\">\n\t\t\t<div class=\"elementor-widget-wrap elementor-element-populated\">\n\t\t\t\t\t\t<section class=\"elementor-section elementor-inner-section elementor-element elementor-element-4afe8a39 elementor-section-boxed elementor-section-height-default elementor-section-height-default\" data-id=\"4afe8a39\" data-element_type=\"section\" data-settings=\"{&quot;background_background&quot;:&quot;classic&quot;}\">\n\t\t\t\t\t\t<div class=\"elementor-container elementor-column-gap-default\">\n\t\t\t\t\t<div class=\"elementor-column elementor-col-100 elementor-inner-column elementor-element elementor-element-ed0a634\" data-id=\"ed0a634\" data-element_type=\"column\">\n\t\t\t<div class=\"elementor-widget-wrap\">\n\t\t\t\t\t\t\t<\/div>\n\t\t<\/div>\n\t\t\t\t\t<\/div>\n\t\t<\/section>\n\t\t\t\t<div class=\"elementor-element elementor-element-9ab8349 elementor-widget__width-initial elementor-widget elementor-widget-image\" data-id=\"9ab8349\" data-element_type=\"widget\" data-widget_type=\"image.default\">\n\t\t\t\t<div class=\"elementor-widget-container\">\n\t\t\t\t\t\t\t\t\t\t\t\t\t<img decoding=\"async\" width=\"355\" height=\"142\" src=\"https:\/\/decor-family.fr\/wp-content\/uploads\/2023\/07\/images-2.jpg\" class=\"attachment-full size-full wp-image-319\" alt=\"\" srcset=\"https:\/\/decor-family.fr\/wp-content\/uploads\/2023\/07\/images-2.jpg 355w, https:\/\/decor-family.fr\/wp-content\/uploads\/2023\/07\/images-2-300x120.jpg 300w, https:\/\/decor-family.fr\/wp-content\/uploads\/2023\/07\/images-2-18x7.jpg 18w\" sizes=\"(max-width: 355px) 100vw, 355px\" \/>\t\t\t\t\t\t\t\t\t\t\t\t\t<\/div>\n\t\t\t\t<\/div>\n\t\t\t\t\t<\/div>\n\t\t<\/div>\n\t\t\t\t\t<\/div>\n\t\t<\/section>\n\t\t\t\t<\/div>","protected":false},"excerpt":{"rendered":"<p>Un travail de qualit\u00e9 assur\u00e9 par des professionnels d\u00e9vou\u00e9s. \u00c9lectricit\u00e9 Notre service \u00e9lectrique professionnel vous offre une expertise fiable et un savoir-faire technique de haut niveau pour r\u00e9pondre \u00e0 tous vos besoins en mati\u00e8re d&rsquo;installations, de r\u00e9parations et de solutions \u00e9nerg\u00e9tiques. Avec notre \u00e9quipe qualifi\u00e9e, vous pouvez compter sur des solutions personnalis\u00e9es et s\u00e9curis\u00e9es pour [&hellip;]<\/p>","protected":false},"author":1,"featured_media":0,"parent":0,"menu_order":0,"comment_status":"closed","ping_status":"closed","template":"","meta":{"footnotes":""},"class_list":["post-306","page","type-page","status-publish","hentry"],"_links":{"self":[{"href":"https:\/\/decor-family.fr\/en\/wp-json\/wp\/v2\/pages\/306","targetHints":{"allow":["GET"]}}],"collection":[{"href":"https:\/\/decor-family.fr\/en\/wp-json\/wp\/v2\/pages"}],"about":[{"href":"https:\/\/decor-family.fr\/en\/wp-json\/wp\/v2\/types\/page"}],"author":[{"embeddable":true,"href":"https:\/\/decor-family.fr\/en\/wp-json\/wp\/v2\/users\/1"}],"replies":[{"embeddable":true,"href":"https:\/\/decor-family.fr\/en\/wp-json\/wp\/v2\/comments?post=306"}],"version-history":[{"count":16,"href":"https:\/\/decor-family.fr\/en\/wp-json\/wp\/v2\/pages\/306\/revisions"}],"predecessor-version":[{"id":707,"href":"https:\/\/decor-family.fr\/en\/wp-json\/wp\/v2\/pages\/306\/revisions\/707"}],"wp:attachment":[{"href":"https:\/\/decor-family.fr\/en\/wp-json\/wp\/v2\/media?parent=306"}],"curies":[{"name":"wp","href":"https:\/\/api.w.org\/{rel}","templated":true}]}}