{"id":308,"date":"2023-07-27T17:17:42","date_gmt":"2023-07-27T17:17:42","guid":{"rendered":"https:\/\/decor-family.fr\/?page_id=308"},"modified":"2023-07-31T10:18:44","modified_gmt":"2023-07-31T10:18:44","slug":"plomberie","status":"publish","type":"page","link":"https:\/\/decor-family.fr\/en\/plomberie\/","title":{"rendered":"Plumbing"},"content":{"rendered":"<div data-elementor-type=\"wp-page\" data-elementor-id=\"308\" class=\"elementor elementor-308\">\n\t\t\t\t\t\t<section class=\"elementor-section elementor-top-section elementor-element elementor-element-7f592f78 elementor-section-full_width elementor-section-height-default elementor-section-height-default\" data-id=\"7f592f78\" data-element_type=\"section\" data-settings=\"{&quot;background_background&quot;:&quot;classic&quot;}\">\n\t\t\t\t\t\t<div class=\"elementor-container elementor-column-gap-default\">\n\t\t\t\t\t<div class=\"elementor-column elementor-col-100 elementor-top-column elementor-element elementor-element-29174270\" data-id=\"29174270\" data-element_type=\"column\">\n\t\t\t<div class=\"elementor-widget-wrap elementor-element-populated\">\n\t\t\t\t\t\t<section class=\"elementor-section elementor-inner-section elementor-element elementor-element-1191f79e elementor-section-boxed elementor-section-height-default elementor-section-height-default\" data-id=\"1191f79e\" data-element_type=\"section\" data-settings=\"{&quot;background_background&quot;:&quot;classic&quot;}\">\n\t\t\t\t\t\t\t<div class=\"elementor-background-overlay\"><\/div>\n\t\t\t\t\t\t\t<div class=\"elementor-container elementor-column-gap-default\">\n\t\t\t\t\t<div class=\"elementor-column elementor-col-100 elementor-inner-column elementor-element elementor-element-444e558c\" data-id=\"444e558c\" data-element_type=\"column\">\n\t\t\t<div class=\"elementor-widget-wrap elementor-element-populated\">\n\t\t\t\t\t\t<div class=\"elementor-element elementor-element-27009838 elementor-invisible elementor-widget elementor-widget-heading\" data-id=\"27009838\" data-element_type=\"widget\" data-settings=\"{&quot;_animation&quot;:&quot;fadeInUp&quot;}\" data-widget_type=\"heading.default\">\n\t\t\t\t<div class=\"elementor-widget-container\">\n\t\t\t<style>\/*! elementor - v3.21.0 - 15-04-2024 *\/\n.elementor-heading-title{padding:0;margin:0;line-height:1}.elementor-widget-heading .elementor-heading-title[class*=elementor-size-]>a{color:inherit;font-size:inherit;line-height:inherit}.elementor-widget-heading .elementor-heading-title.elementor-size-small{font-size:15px}.elementor-widget-heading .elementor-heading-title.elementor-size-medium{font-size:19px}.elementor-widget-heading .elementor-heading-title.elementor-size-large{font-size:29px}.elementor-widget-heading .elementor-heading-title.elementor-size-xl{font-size:39px}.elementor-widget-heading .elementor-heading-title.elementor-size-xxl{font-size:59px}<\/style><h1 class=\"elementor-heading-title elementor-size-default\">Plumbing<\/h1>\t\t<\/div>\n\t\t\t\t<\/div>\n\t\t\t\t<div class=\"elementor-element elementor-element-59e2f004 elementor-invisible elementor-widget elementor-widget-heading\" data-id=\"59e2f004\" data-element_type=\"widget\" data-settings=\"{&quot;_animation&quot;:&quot;fadeInUp&quot;,&quot;_animation_delay&quot;:200}\" data-widget_type=\"heading.default\">\n\t\t\t\t<div class=\"elementor-widget-container\">\n\t\t\t<h4 class=\"elementor-heading-title elementor-size-default\">Quality work assured by dedicated professionals.<\/h4>\t\t<\/div>\n\t\t\t\t<\/div>\n\t\t\t\t\t<\/div>\n\t\t<\/div>\n\t\t\t\t\t<\/div>\n\t\t<\/section>\n\t\t\t\t\t<\/div>\n\t\t<\/div>\n\t\t\t\t\t<\/div>\n\t\t<\/section>\n\t\t\t\t<section class=\"elementor-section elementor-top-section elementor-element elementor-element-47930ae6 elementor-section-boxed elementor-section-height-default elementor-section-height-default\" data-id=\"47930ae6\" data-element_type=\"section\">\n\t\t\t\t\t\t<div class=\"elementor-container elementor-column-gap-default\">\n\t\t\t\t\t<div class=\"elementor-column elementor-col-50 elementor-top-column elementor-element elementor-element-1bdf8742\" data-id=\"1bdf8742\" data-element_type=\"column\">\n\t\t\t<div class=\"elementor-widget-wrap elementor-element-populated\">\n\t\t\t\t\t\t<div class=\"elementor-element elementor-element-54f4a1e3 elementor-widget elementor-widget-heading\" data-id=\"54f4a1e3\" data-element_type=\"widget\" data-widget_type=\"heading.default\">\n\t\t\t\t<div class=\"elementor-widget-container\">\n\t\t\t<h3 class=\"elementor-heading-title elementor-size-default\">Plumbing\n<\/h3>\t\t<\/div>\n\t\t\t\t<\/div>\n\t\t\t\t<div class=\"elementor-element elementor-element-6c3c0268 elementor-widget elementor-widget-text-editor\" data-id=\"6c3c0268\" data-element_type=\"widget\" data-widget_type=\"text-editor.default\">\n\t\t\t\t<div class=\"elementor-widget-container\">\n\t\t\t<style>\/*! elementor - v3.21.0 - 15-04-2024 *\/\n.elementor-widget-text-editor.elementor-drop-cap-view-stacked .elementor-drop-cap{background-color:#69727d;color:#fff}.elementor-widget-text-editor.elementor-drop-cap-view-framed .elementor-drop-cap{color:#69727d;border:3px solid;background-color:transparent}.elementor-widget-text-editor:not(.elementor-drop-cap-view-default) .elementor-drop-cap{margin-top:8px}.elementor-widget-text-editor:not(.elementor-drop-cap-view-default) .elementor-drop-cap-letter{width:1em;height:1em}.elementor-widget-text-editor .elementor-drop-cap{float:left;text-align:center;line-height:1;font-size:50px}.elementor-widget-text-editor .elementor-drop-cap-letter{display:inline-block}<\/style>\t\t\t\t<p>Our professional plumbing service provides competent solutions and reliable interventions to meet all your needs for installation, repair, and maintenance. With our qualified team, you can be assured of quality work and efficient resolution of all your plumbing issues, ensuring optimal functioning of your equipment.<\/p>\t\t\t\t\t\t<\/div>\n\t\t\t\t<\/div>\n\t\t\t\t<div class=\"elementor-element elementor-element-1de7d4b7 elementor-widget elementor-widget-text-editor\" data-id=\"1de7d4b7\" data-element_type=\"widget\" data-widget_type=\"text-editor.default\">\n\t\t\t\t<div class=\"elementor-widget-container\">\n\t\t\t\t\t\t\t<p>Trust our team of experienced plumbers for comprehensive and customized plumbing services. We are committed to providing professional solutions for your construction or renovation projects, ensuring that all plumbing installations are carried out with precision and to the highest quality standards. Our dedication to excellence and attention to detail ensure complete satisfaction for all your plumbing needs.<\/p>\t\t\t\t\t\t<\/div>\n\t\t\t\t<\/div>\n\t\t\t\t<div class=\"elementor-element elementor-element-42ff074 elementor-widget elementor-widget-image\" data-id=\"42ff074\" data-element_type=\"widget\" data-widget_type=\"image.default\">\n\t\t\t\t<div class=\"elementor-widget-container\">\n\t\t\t<style>\/*! elementor - v3.21.0 - 15-04-2024 *\/\n.elementor-widget-image{text-align:center}.elementor-widget-image a{display:inline-block}.elementor-widget-image a img[src$=\".svg\"]{width:48px}.elementor-widget-image img{vertical-align:middle;display:inline-block}<\/style>\t\t\t\t\t\t\t\t\t\t<img fetchpriority=\"high\" decoding=\"async\" width=\"620\" height=\"400\" src=\"https:\/\/decor-family.fr\/wp-content\/uploads\/2023\/07\/VIGILANT-plumber-fixing-a-sink-shutterstock_132523334-e1448389230378-620x400-1.webp\" class=\"attachment-large size-large wp-image-347\" alt=\"\" srcset=\"https:\/\/decor-family.fr\/wp-content\/uploads\/2023\/07\/VIGILANT-plumber-fixing-a-sink-shutterstock_132523334-e1448389230378-620x400-1.webp 620w, https:\/\/decor-family.fr\/wp-content\/uploads\/2023\/07\/VIGILANT-plumber-fixing-a-sink-shutterstock_132523334-e1448389230378-620x400-1-300x194.webp 300w, https:\/\/decor-family.fr\/wp-content\/uploads\/2023\/07\/VIGILANT-plumber-fixing-a-sink-shutterstock_132523334-e1448389230378-620x400-1-18x12.webp 18w\" sizes=\"(max-width: 620px) 100vw, 620px\" \/>\t\t\t\t\t\t\t\t\t\t\t\t\t<\/div>\n\t\t\t\t<\/div>\n\t\t\t\t\t<\/div>\n\t\t<\/div>\n\t\t\t\t<div class=\"elementor-column elementor-col-50 elementor-top-column elementor-element elementor-element-2025861f\" data-id=\"2025861f\" data-element_type=\"column\">\n\t\t\t<div class=\"elementor-widget-wrap elementor-element-populated\">\n\t\t\t\t\t\t<section class=\"elementor-section elementor-inner-section elementor-element elementor-element-4afe8a39 elementor-section-boxed elementor-section-height-default elementor-section-height-default\" data-id=\"4afe8a39\" data-element_type=\"section\" data-settings=\"{&quot;background_background&quot;:&quot;classic&quot;}\">\n\t\t\t\t\t\t<div class=\"elementor-container elementor-column-gap-default\">\n\t\t\t\t\t<div class=\"elementor-column elementor-col-100 elementor-inner-column elementor-element elementor-element-ed0a634\" data-id=\"ed0a634\" data-element_type=\"column\">\n\t\t\t<div class=\"elementor-widget-wrap\">\n\t\t\t\t\t\t\t<\/div>\n\t\t<\/div>\n\t\t\t\t\t<\/div>\n\t\t<\/section>\n\t\t\t\t<div class=\"elementor-element elementor-element-9ab8349 elementor-widget__width-initial elementor-widget elementor-widget-image\" data-id=\"9ab8349\" data-element_type=\"widget\" data-widget_type=\"image.default\">\n\t\t\t\t<div class=\"elementor-widget-container\">\n\t\t\t\t\t\t\t\t\t\t\t\t\t<img decoding=\"async\" width=\"512\" height=\"341\" src=\"https:\/\/decor-family.fr\/wp-content\/uploads\/2023\/07\/Plumber-Water-Pipe-Leak-Repair.jpg\" class=\"attachment-large size-large wp-image-346\" alt=\"\" srcset=\"https:\/\/decor-family.fr\/wp-content\/uploads\/2023\/07\/Plumber-Water-Pipe-Leak-Repair.jpg 512w, https:\/\/decor-family.fr\/wp-content\/uploads\/2023\/07\/Plumber-Water-Pipe-Leak-Repair-300x200.jpg 300w, https:\/\/decor-family.fr\/wp-content\/uploads\/2023\/07\/Plumber-Water-Pipe-Leak-Repair-18x12.jpg 18w\" sizes=\"(max-width: 512px) 100vw, 512px\" \/>\t\t\t\t\t\t\t\t\t\t\t\t\t<\/div>\n\t\t\t\t<\/div>\n\t\t\t\t\t<\/div>\n\t\t<\/div>\n\t\t\t\t\t<\/div>\n\t\t<\/section>\n\t\t\t\t<\/div>","protected":false},"excerpt":{"rendered":"<p>Un travail de qualit\u00e9 assur\u00e9 par des professionnels d\u00e9vou\u00e9s. Plomberie Notre service professionnel de plomberie vous offre des solutions comp\u00e9tentes et des interventions fiables pour r\u00e9pondre \u00e0 tous vos besoins en mati\u00e8re d&rsquo;installation, de r\u00e9paration et d&rsquo;entretien. Avec notre \u00e9quipe qualifi\u00e9e, vous pouvez \u00eatre assur\u00e9 d&rsquo;un travail de qualit\u00e9 et d&rsquo;une r\u00e9solution efficace de tous [&hellip;]<\/p>","protected":false},"author":1,"featured_media":0,"parent":0,"menu_order":0,"comment_status":"closed","ping_status":"closed","template":"","meta":{"footnotes":""},"class_list":["post-308","page","type-page","status-publish","hentry"],"_links":{"self":[{"href":"https:\/\/decor-family.fr\/en\/wp-json\/wp\/v2\/pages\/308","targetHints":{"allow":["GET"]}}],"collection":[{"href":"https:\/\/decor-family.fr\/en\/wp-json\/wp\/v2\/pages"}],"about":[{"href":"https:\/\/decor-family.fr\/en\/wp-json\/wp\/v2\/types\/page"}],"author":[{"embeddable":true,"href":"https:\/\/decor-family.fr\/en\/wp-json\/wp\/v2\/users\/1"}],"replies":[{"embeddable":true,"href":"https:\/\/decor-family.fr\/en\/wp-json\/wp\/v2\/comments?post=308"}],"version-history":[{"count":13,"href":"https:\/\/decor-family.fr\/en\/wp-json\/wp\/v2\/pages\/308\/revisions"}],"predecessor-version":[{"id":695,"href":"https:\/\/decor-family.fr\/en\/wp-json\/wp\/v2\/pages\/308\/revisions\/695"}],"wp:attachment":[{"href":"https:\/\/decor-family.fr\/en\/wp-json\/wp\/v2\/media?parent=308"}],"curies":[{"name":"wp","href":"https:\/\/api.w.org\/{rel}","templated":true}]}}