{"id":530,"date":"2023-07-28T10:39:21","date_gmt":"2023-07-28T10:39:21","guid":{"rendered":"https:\/\/decor-family.fr\/?page_id=530"},"modified":"2023-07-28T11:26:02","modified_gmt":"2023-07-28T11:26:02","slug":"conditions-dutilisation","status":"publish","type":"page","link":"https:\/\/decor-family.fr\/en\/conditions-dutilisation\/","title":{"rendered":"Conditions d&rsquo;utilisation"},"content":{"rendered":"<div data-elementor-type=\"wp-page\" data-elementor-id=\"530\" class=\"elementor elementor-530\">\n\t\t\t\t\t\t<section class=\"elementor-section elementor-top-section elementor-element elementor-element-e8e5d51 elementor-section-boxed elementor-section-height-default elementor-section-height-default\" data-id=\"e8e5d51\" data-element_type=\"section\">\n\t\t\t\t\t\t<div class=\"elementor-container elementor-column-gap-default\">\n\t\t\t\t\t<div class=\"elementor-column elementor-col-100 elementor-top-column elementor-element elementor-element-3ed6b81b\" data-id=\"3ed6b81b\" data-element_type=\"column\">\n\t\t\t<div class=\"elementor-widget-wrap elementor-element-populated\">\n\t\t\t\t\t\t\t<\/div>\n\t\t<\/div>\n\t\t\t\t\t<\/div>\n\t\t<\/section>\n\t\t\t\t<section class=\"elementor-section elementor-top-section elementor-element elementor-element-0fecbc9 elementor-section-boxed elementor-section-height-default elementor-section-height-default\" data-id=\"0fecbc9\" data-element_type=\"section\">\n\t\t\t\t\t\t<div class=\"elementor-container elementor-column-gap-default\">\n\t\t\t\t\t<div class=\"elementor-column elementor-col-100 elementor-top-column elementor-element elementor-element-99e8d49\" data-id=\"99e8d49\" data-element_type=\"column\">\n\t\t\t<div class=\"elementor-widget-wrap\">\n\t\t\t\t\t\t\t<\/div>\n\t\t<\/div>\n\t\t\t\t\t<\/div>\n\t\t<\/section>\n\t\t\t\t<section class=\"elementor-section elementor-top-section elementor-element elementor-element-0e1d30f elementor-section-boxed elementor-section-height-default elementor-section-height-default\" data-id=\"0e1d30f\" data-element_type=\"section\">\n\t\t\t\t\t\t<div class=\"elementor-container elementor-column-gap-default\">\n\t\t\t\t\t<div class=\"elementor-column elementor-col-100 elementor-top-column elementor-element elementor-element-cb156e8\" data-id=\"cb156e8\" data-element_type=\"column\">\n\t\t\t<div class=\"elementor-widget-wrap elementor-element-populated\">\n\t\t\t\t\t\t<div class=\"elementor-element elementor-element-8d4f1d8 elementor-widget elementor-widget-heading\" data-id=\"8d4f1d8\" data-element_type=\"widget\" data-widget_type=\"heading.default\">\n\t\t\t\t<div class=\"elementor-widget-container\">\n\t\t\t<style>\/*! elementor - v3.21.0 - 15-04-2024 *\/\n.elementor-heading-title{padding:0;margin:0;line-height:1}.elementor-widget-heading .elementor-heading-title[class*=elementor-size-]>a{color:inherit;font-size:inherit;line-height:inherit}.elementor-widget-heading .elementor-heading-title.elementor-size-small{font-size:15px}.elementor-widget-heading .elementor-heading-title.elementor-size-medium{font-size:19px}.elementor-widget-heading .elementor-heading-title.elementor-size-large{font-size:29px}.elementor-widget-heading .elementor-heading-title.elementor-size-xl{font-size:39px}.elementor-widget-heading .elementor-heading-title.elementor-size-xxl{font-size:59px}<\/style><h2 class=\"elementor-heading-title elementor-size-default\">Terms and Conditions<\/h2>\t\t<\/div>\n\t\t\t\t<\/div>\n\t\t\t\t\t<\/div>\n\t\t<\/div>\n\t\t\t\t\t<\/div>\n\t\t<\/section>\n\t\t\t\t<section class=\"elementor-section elementor-top-section elementor-element elementor-element-9531b63 elementor-section-boxed elementor-section-height-default elementor-section-height-default\" data-id=\"9531b63\" data-element_type=\"section\">\n\t\t\t\t\t\t<div class=\"elementor-container elementor-column-gap-default\">\n\t\t\t\t\t<div class=\"elementor-column elementor-col-100 elementor-top-column elementor-element elementor-element-fbd2602\" data-id=\"fbd2602\" data-element_type=\"column\">\n\t\t\t<div class=\"elementor-widget-wrap elementor-element-populated\">\n\t\t\t\t\t\t<div class=\"elementor-element elementor-element-7b60c18 elementor-widget elementor-widget-text-editor\" data-id=\"7b60c18\" data-element_type=\"widget\" data-widget_type=\"text-editor.default\">\n\t\t\t\t<div class=\"elementor-widget-container\">\n\t\t\t<style>\/*! elementor - v3.21.0 - 15-04-2024 *\/\n.elementor-widget-text-editor.elementor-drop-cap-view-stacked .elementor-drop-cap{background-color:#69727d;color:#fff}.elementor-widget-text-editor.elementor-drop-cap-view-framed .elementor-drop-cap{color:#69727d;border:3px solid;background-color:transparent}.elementor-widget-text-editor:not(.elementor-drop-cap-view-default) .elementor-drop-cap{margin-top:8px}.elementor-widget-text-editor:not(.elementor-drop-cap-view-default) .elementor-drop-cap-letter{width:1em;height:1em}.elementor-widget-text-editor .elementor-drop-cap{float:left;text-align:center;line-height:1;font-size:50px}.elementor-widget-text-editor .elementor-drop-cap-letter{display:inline-block}<\/style>\t\t\t\t<p>Welcome to the Decor Family website! We appreciate you choosing to visit us and use the services and information provided by our company. To ensure a pleasant and secure experience, please read the Website Usage Policy presented below:<\/p><ol><li><p>Acceptance of Terms. \nBy accessing and using this website, you agree to abide by all the terms and conditions in this Website Usage Policy. If you do not agree to these terms, please exit our site.<\/p><\/li><li><p>Website Usage. \nThe Decor Family website and its content are intended solely for personal and non-commercial use. You are not allowed to copy, distribute, modify, transmit, display, reproduce, publish, sell, or create derivative works from any part of this site without our explicit written consent.<\/p><\/li><li><p>Website Content. \nWe strive to provide accurate and up-to-date information on our website. However, we cannot guarantee that all information is entirely correct and current at all times. Decor Family disclaims any liability for errors or omissions in the content of the site.<\/p><\/li><li><p>Protection of Personal Data. \nDuring the use of our site, we may ask you to provide certain personal data. We assure you that we respect the confidentiality of this data and act in accordance with our Privacy Policy. For more information on the processing of personal data, please refer to our Privacy Policy.<\/p><\/li><li><p>Intellectual Property. \nAll intellectual property rights related to the content of the site, including but not limited to text, images, logos, trademarks, and design, are owned by Decor Family or its rights holders. The use of the site does not grant any license or intellectual property rights to the user.<\/p><\/li><li><p>External Links. \nOur site may contain links to third-party websites. These links are provided for informational purposes only and do not constitute an endorsement or guarantee of the content of those sites. Decor Family disclaims any responsibility for the content or privacy practices of third-party websites.<\/p><\/li><li><p>Policy Changes. \nWe reserve the right to modify or update this Website Usage Policy at any time, without prior notice. We encourage you to check this page periodically to stay informed about any changes.<\/p><\/li><li><p>Contact. \nIf you have any questions or concerns regarding this Website Usage Policy or our practices, please contact us at the email address or phone number provided on our website.<\/p><\/li><\/ol><p>Thank you for choosing Decor Family! We hope to provide you with a pleasant and beneficial experience on our website.<\/p><p>The Decor Family Team<\/p>\t\t\t\t\t\t<\/div>\n\t\t\t\t<\/div>\n\t\t\t\t\t<\/div>\n\t\t<\/div>\n\t\t\t\t\t<\/div>\n\t\t<\/section>\n\t\t\t\t<\/div>","protected":false},"excerpt":{"rendered":"<p>Conditions d&rsquo;utilisation Bienvenue sur le site de Decor Family ! Nous vous remercions d&rsquo;avoir choisi de nous rendre visite et d&rsquo;utiliser les services et les informations fournis par notre entreprise. Afin de garantir une exp\u00e9rience agr\u00e9able et s\u00e9curis\u00e9e, veuillez lire attentivement la Politique d&rsquo;utilisation du site pr\u00e9sent\u00e9e ci-dessous : Acceptation des termes. En acc\u00e9dant \u00e0 [&hellip;]<\/p>","protected":false},"author":1,"featured_media":0,"parent":0,"menu_order":0,"comment_status":"closed","ping_status":"closed","template":"","meta":{"footnotes":""},"class_list":["post-530","page","type-page","status-publish","hentry"],"_links":{"self":[{"href":"https:\/\/decor-family.fr\/en\/wp-json\/wp\/v2\/pages\/530","targetHints":{"allow":["GET"]}}],"collection":[{"href":"https:\/\/decor-family.fr\/en\/wp-json\/wp\/v2\/pages"}],"about":[{"href":"https:\/\/decor-family.fr\/en\/wp-json\/wp\/v2\/types\/page"}],"author":[{"embeddable":true,"href":"https:\/\/decor-family.fr\/en\/wp-json\/wp\/v2\/users\/1"}],"replies":[{"embeddable":true,"href":"https:\/\/decor-family.fr\/en\/wp-json\/wp\/v2\/comments?post=530"}],"version-history":[{"count":22,"href":"https:\/\/decor-family.fr\/en\/wp-json\/wp\/v2\/pages\/530\/revisions"}],"predecessor-version":[{"id":632,"href":"https:\/\/decor-family.fr\/en\/wp-json\/wp\/v2\/pages\/530\/revisions\/632"}],"wp:attachment":[{"href":"https:\/\/decor-family.fr\/en\/wp-json\/wp\/v2\/media?parent=530"}],"curies":[{"name":"wp","href":"https:\/\/api.w.org\/{rel}","templated":true}]}}