{"id":176,"date":"2023-07-27T11:15:19","date_gmt":"2023-07-27T11:15:19","guid":{"rendered":"https:\/\/decor-family.fr\/?page_id=176"},"modified":"2023-07-31T10:20:25","modified_gmt":"2023-07-31T10:20:25","slug":"menuiserie-bois","status":"publish","type":"page","link":"https:\/\/decor-family.fr\/it\/menuiserie-bois\/","title":{"rendered":"Falegnameria in legno"},"content":{"rendered":"<div data-elementor-type=\"wp-page\" data-elementor-id=\"176\" class=\"elementor elementor-176\">\n\t\t\t\t\t\t<section class=\"elementor-section elementor-top-section elementor-element elementor-element-7f592f78 elementor-section-full_width elementor-section-height-default elementor-section-height-default\" data-id=\"7f592f78\" data-element_type=\"section\" data-settings=\"{&quot;background_background&quot;:&quot;classic&quot;}\">\n\t\t\t\t\t\t<div class=\"elementor-container elementor-column-gap-default\">\n\t\t\t\t\t<div class=\"elementor-column elementor-col-100 elementor-top-column elementor-element elementor-element-29174270\" data-id=\"29174270\" data-element_type=\"column\">\n\t\t\t<div class=\"elementor-widget-wrap elementor-element-populated\">\n\t\t\t\t\t\t<section class=\"elementor-section elementor-inner-section elementor-element elementor-element-1191f79e elementor-section-boxed elementor-section-height-default elementor-section-height-default\" data-id=\"1191f79e\" data-element_type=\"section\" data-settings=\"{&quot;background_background&quot;:&quot;classic&quot;}\">\n\t\t\t\t\t\t\t<div class=\"elementor-background-overlay\"><\/div>\n\t\t\t\t\t\t\t<div class=\"elementor-container elementor-column-gap-default\">\n\t\t\t\t\t<div class=\"elementor-column elementor-col-100 elementor-inner-column elementor-element elementor-element-444e558c\" data-id=\"444e558c\" data-element_type=\"column\">\n\t\t\t<div class=\"elementor-widget-wrap elementor-element-populated\">\n\t\t\t\t\t\t<div class=\"elementor-element elementor-element-27009838 elementor-invisible elementor-widget elementor-widget-heading\" data-id=\"27009838\" data-element_type=\"widget\" data-settings=\"{&quot;_animation&quot;:&quot;fadeInUp&quot;}\" data-widget_type=\"heading.default\">\n\t\t\t\t<div class=\"elementor-widget-container\">\n\t\t\t<style>\/*! elementor - v3.21.0 - 15-04-2024 *\/\n.elementor-heading-title{padding:0;margin:0;line-height:1}.elementor-widget-heading .elementor-heading-title[class*=elementor-size-]>a{color:inherit;font-size:inherit;line-height:inherit}.elementor-widget-heading .elementor-heading-title.elementor-size-small{font-size:15px}.elementor-widget-heading .elementor-heading-title.elementor-size-medium{font-size:19px}.elementor-widget-heading .elementor-heading-title.elementor-size-large{font-size:29px}.elementor-widget-heading .elementor-heading-title.elementor-size-xl{font-size:39px}.elementor-widget-heading .elementor-heading-title.elementor-size-xxl{font-size:59px}<\/style><h1 class=\"elementor-heading-title elementor-size-default\">Falegnameria in legno<\/h1>\t\t<\/div>\n\t\t\t\t<\/div>\n\t\t\t\t<div class=\"elementor-element elementor-element-59e2f004 elementor-invisible elementor-widget elementor-widget-heading\" data-id=\"59e2f004\" data-element_type=\"widget\" data-settings=\"{&quot;_animation&quot;:&quot;fadeInUp&quot;,&quot;_animation_delay&quot;:200}\" data-widget_type=\"heading.default\">\n\t\t\t\t<div class=\"elementor-widget-container\">\n\t\t\t<h4 class=\"elementor-heading-title elementor-size-default\">Un lavoro di qualit\u00e0 garantito da professionisti dedicati.<\/h4>\t\t<\/div>\n\t\t\t\t<\/div>\n\t\t\t\t\t<\/div>\n\t\t<\/div>\n\t\t\t\t\t<\/div>\n\t\t<\/section>\n\t\t\t\t\t<\/div>\n\t\t<\/div>\n\t\t\t\t\t<\/div>\n\t\t<\/section>\n\t\t\t\t<section class=\"elementor-section elementor-top-section elementor-element elementor-element-47930ae6 elementor-section-boxed elementor-section-height-default elementor-section-height-default\" data-id=\"47930ae6\" data-element_type=\"section\">\n\t\t\t\t\t\t<div class=\"elementor-container elementor-column-gap-default\">\n\t\t\t\t\t<div class=\"elementor-column elementor-col-50 elementor-top-column elementor-element elementor-element-1bdf8742\" data-id=\"1bdf8742\" data-element_type=\"column\">\n\t\t\t<div class=\"elementor-widget-wrap elementor-element-populated\">\n\t\t\t\t\t\t<div class=\"elementor-element elementor-element-54f4a1e3 elementor-widget elementor-widget-heading\" data-id=\"54f4a1e3\" data-element_type=\"widget\" data-widget_type=\"heading.default\">\n\t\t\t\t<div class=\"elementor-widget-container\">\n\t\t\t<h3 class=\"elementor-heading-title elementor-size-default\">Falegnameria in legno<\/h3>\t\t<\/div>\n\t\t\t\t<\/div>\n\t\t\t\t<div class=\"elementor-element elementor-element-6c3c0268 elementor-widget elementor-widget-text-editor\" data-id=\"6c3c0268\" data-element_type=\"widget\" data-widget_type=\"text-editor.default\">\n\t\t\t\t<div class=\"elementor-widget-container\">\n\t\t\t<style>\/*! elementor - v3.21.0 - 15-04-2024 *\/\n.elementor-widget-text-editor.elementor-drop-cap-view-stacked .elementor-drop-cap{background-color:#69727d;color:#fff}.elementor-widget-text-editor.elementor-drop-cap-view-framed .elementor-drop-cap{color:#69727d;border:3px solid;background-color:transparent}.elementor-widget-text-editor:not(.elementor-drop-cap-view-default) .elementor-drop-cap{margin-top:8px}.elementor-widget-text-editor:not(.elementor-drop-cap-view-default) .elementor-drop-cap-letter{width:1em;height:1em}.elementor-widget-text-editor .elementor-drop-cap{float:left;text-align:center;line-height:1;font-size:50px}.elementor-widget-text-editor .elementor-drop-cap-letter{display:inline-block}<\/style>\t\t\t\t<p>Il nostro servizio artigianale combina maestria tradizionale e materiali di qualit\u00e0 superiore per creare pezzi unici di mobili e elementi architettonici senza tempo. I nostri artigiani talentuosi lavorano il legno con passione e precisione, trasformando pezzi di legno in creazioni su misura che portano calore ed eleganza ai vostri spazi interni ed esterni. Che si tratti di mobili personalizzati, porte eleganti, magnifiche scale o dettagli architettonici, il nostro impegno per la perfezione garantisce risultati eccezionali che superano le vostre aspettative e celebrano l'essenza naturale del legno nella sua splendore.<\/p>\t\t\t\t\t\t<\/div>\n\t\t\t\t<\/div>\n\t\t\t\t<div class=\"elementor-element elementor-element-1de7d4b7 elementor-widget elementor-widget-text-editor\" data-id=\"1de7d4b7\" data-element_type=\"widget\" data-widget_type=\"text-editor.default\">\n\t\t\t\t<div class=\"elementor-widget-container\">\n\t\t\t\t\t\t\t<p>I nostri artigiani appassionati ed esperti lavorano con precisione per creare mobili su misura, porte eleganti, finestre sofisticate e elementi architettonici che aggiungono un tocco di eleganza senza tempo al vostro interno. Che cerchiate design classici o contemporanei, il nostro impegno verso la qualit\u00e0 e l'estetica vi garantisce risultati eccezionali che valorizzano il carattere dei vostri spazi con la bellezza calda del legno.<\/p>\t\t\t\t\t\t<\/div>\n\t\t\t\t<\/div>\n\t\t\t\t<div class=\"elementor-element elementor-element-4ac685a elementor-widget elementor-widget-image\" data-id=\"4ac685a\" data-element_type=\"widget\" data-widget_type=\"image.default\">\n\t\t\t\t<div class=\"elementor-widget-container\">\n\t\t\t<style>\/*! elementor - v3.21.0 - 15-04-2024 *\/\n.elementor-widget-image{text-align:center}.elementor-widget-image a{display:inline-block}.elementor-widget-image a img[src$=\".svg\"]{width:48px}.elementor-widget-image img{vertical-align:middle;display:inline-block}<\/style>\t\t\t\t\t\t\t\t\t\t<img fetchpriority=\"high\" decoding=\"async\" width=\"800\" height=\"534\" src=\"https:\/\/decor-family.fr\/wp-content\/uploads\/2023\/07\/machine-de-menuiserie.jpg\" class=\"attachment-large size-large wp-image-202\" alt=\"\" srcset=\"https:\/\/decor-family.fr\/wp-content\/uploads\/2023\/07\/machine-de-menuiserie.jpg 1000w, https:\/\/decor-family.fr\/wp-content\/uploads\/2023\/07\/machine-de-menuiserie-300x200.jpg 300w, https:\/\/decor-family.fr\/wp-content\/uploads\/2023\/07\/machine-de-menuiserie-768x512.jpg 768w, https:\/\/decor-family.fr\/wp-content\/uploads\/2023\/07\/machine-de-menuiserie-18x12.jpg 18w\" sizes=\"(max-width: 800px) 100vw, 800px\" \/>\t\t\t\t\t\t\t\t\t\t\t\t\t<\/div>\n\t\t\t\t<\/div>\n\t\t\t\t<div class=\"elementor-element elementor-element-224be265 elementor-widget__width-initial elementor-icon-list--layout-traditional elementor-list-item-link-full_width elementor-widget elementor-widget-icon-list\" data-id=\"224be265\" data-element_type=\"widget\" data-widget_type=\"icon-list.default\">\n\t\t\t\t<div class=\"elementor-widget-container\">\n\t\t\t<link rel=\"stylesheet\" href=\"https:\/\/decor-family.fr\/wp-content\/plugins\/elementor\/assets\/css\/widget-icon-list.min.css\">\t\t<ul class=\"elementor-icon-list-items\">\n\t\t\t\t\t\t\t<li class=\"elementor-icon-list-item\">\n\t\t\t\t\t\t\t\t\t\t\t<span class=\"elementor-icon-list-icon\">\n\t\t\t\t\t\t\t<i aria-hidden=\"true\" class=\"ion ion-ios-checkmark-circle\"><\/i>\t\t\t\t\t\t<\/span>\n\t\t\t\t\t\t\t\t\t\t<span class=\"elementor-icon-list-text\"><\/span>\n\t\t\t\t\t\t\t\t\t<\/li>\n\t\t\t\t\t\t<\/ul>\n\t\t\t\t<\/div>\n\t\t\t\t<\/div>\n\t\t\t\t<div class=\"elementor-element elementor-element-1243dfd4 elementor-widget__width-initial elementor-icon-list--layout-traditional elementor-list-item-link-full_width elementor-widget elementor-widget-icon-list\" data-id=\"1243dfd4\" data-element_type=\"widget\" data-widget_type=\"icon-list.default\">\n\t\t\t\t<div class=\"elementor-widget-container\">\n\t\t\t\t\t<ul class=\"elementor-icon-list-items\">\n\t\t\t\t\t\t\t<li class=\"elementor-icon-list-item\">\n\t\t\t\t\t\t\t\t\t\t\t<span class=\"elementor-icon-list-icon\">\n\t\t\t\t\t\t\t<i aria-hidden=\"true\" class=\"ion ion-ios-checkmark-circle\"><\/i>\t\t\t\t\t\t<\/span>\n\t\t\t\t\t\t\t\t\t\t<span class=\"elementor-icon-list-text\"><\/span>\n\t\t\t\t\t\t\t\t\t<\/li>\n\t\t\t\t\t\t<\/ul>\n\t\t\t\t<\/div>\n\t\t\t\t<\/div>\n\t\t\t\t\t<\/div>\n\t\t<\/div>\n\t\t\t\t<div class=\"elementor-column elementor-col-50 elementor-top-column elementor-element elementor-element-2025861f\" data-id=\"2025861f\" data-element_type=\"column\">\n\t\t\t<div class=\"elementor-widget-wrap elementor-element-populated\">\n\t\t\t\t\t\t<section class=\"elementor-section elementor-inner-section elementor-element elementor-element-4afe8a39 elementor-section-boxed elementor-section-height-default elementor-section-height-default\" data-id=\"4afe8a39\" data-element_type=\"section\" data-settings=\"{&quot;background_background&quot;:&quot;classic&quot;}\">\n\t\t\t\t\t\t<div class=\"elementor-container elementor-column-gap-default\">\n\t\t\t\t\t<div class=\"elementor-column elementor-col-100 elementor-inner-column elementor-element elementor-element-ed0a634\" data-id=\"ed0a634\" data-element_type=\"column\">\n\t\t\t<div class=\"elementor-widget-wrap\">\n\t\t\t\t\t\t\t<\/div>\n\t\t<\/div>\n\t\t\t\t\t<\/div>\n\t\t<\/section>\n\t\t\t\t<div class=\"elementor-element elementor-element-9ab8349 elementor-widget__width-initial elementor-widget elementor-widget-image\" data-id=\"9ab8349\" data-element_type=\"widget\" data-widget_type=\"image.default\">\n\t\t\t\t<div class=\"elementor-widget-container\">\n\t\t\t\t\t\t\t\t\t\t\t\t\t<img decoding=\"async\" width=\"800\" height=\"534\" src=\"https:\/\/decor-family.fr\/wp-content\/uploads\/2023\/07\/renovation-menuiserie.jpg\" class=\"attachment-large size-large wp-image-201\" alt=\"\" srcset=\"https:\/\/decor-family.fr\/wp-content\/uploads\/2023\/07\/renovation-menuiserie.jpg 1000w, https:\/\/decor-family.fr\/wp-content\/uploads\/2023\/07\/renovation-menuiserie-300x200.jpg 300w, https:\/\/decor-family.fr\/wp-content\/uploads\/2023\/07\/renovation-menuiserie-768x512.jpg 768w, https:\/\/decor-family.fr\/wp-content\/uploads\/2023\/07\/renovation-menuiserie-18x12.jpg 18w\" sizes=\"(max-width: 800px) 100vw, 800px\" \/>\t\t\t\t\t\t\t\t\t\t\t\t\t<\/div>\n\t\t\t\t<\/div>\n\t\t\t\t\t<\/div>\n\t\t<\/div>\n\t\t\t\t\t<\/div>\n\t\t<\/section>\n\t\t\t\t<\/div>","protected":false},"excerpt":{"rendered":"<p>Un travail de qualit\u00e9 assur\u00e9 par des professionnels d\u00e9vou\u00e9s. Menuiserie bois Notre service artisanal allie savoir-faire traditionnel et mat\u00e9riaux de qualit\u00e9 sup\u00e9rieure pour cr\u00e9er des pi\u00e8ces uniques de mobilier et des \u00e9l\u00e9ments architecturaux intemporels. Nos artisans talentueux fa\u00e7onnent le bois avec passion et pr\u00e9cision, transformant des morceaux de bois en cr\u00e9ations sur mesure qui apportent [&hellip;]<\/p>","protected":false},"author":1,"featured_media":0,"parent":0,"menu_order":0,"comment_status":"closed","ping_status":"closed","template":"","meta":{"footnotes":""},"class_list":["post-176","page","type-page","status-publish","hentry"],"_links":{"self":[{"href":"https:\/\/decor-family.fr\/it\/wp-json\/wp\/v2\/pages\/176","targetHints":{"allow":["GET"]}}],"collection":[{"href":"https:\/\/decor-family.fr\/it\/wp-json\/wp\/v2\/pages"}],"about":[{"href":"https:\/\/decor-family.fr\/it\/wp-json\/wp\/v2\/types\/page"}],"author":[{"embeddable":true,"href":"https:\/\/decor-family.fr\/it\/wp-json\/wp\/v2\/users\/1"}],"replies":[{"embeddable":true,"href":"https:\/\/decor-family.fr\/it\/wp-json\/wp\/v2\/comments?post=176"}],"version-history":[{"count":19,"href":"https:\/\/decor-family.fr\/it\/wp-json\/wp\/v2\/pages\/176\/revisions"}],"predecessor-version":[{"id":704,"href":"https:\/\/decor-family.fr\/it\/wp-json\/wp\/v2\/pages\/176\/revisions\/704"}],"wp:attachment":[{"href":"https:\/\/decor-family.fr\/it\/wp-json\/wp\/v2\/media?parent=176"}],"curies":[{"name":"wp","href":"https:\/\/api.w.org\/{rel}","templated":true}]}}