{"id":530,"date":"2023-07-28T10:39:21","date_gmt":"2023-07-28T10:39:21","guid":{"rendered":"https:\/\/decor-family.fr\/?page_id=530"},"modified":"2023-07-28T11:26:02","modified_gmt":"2023-07-28T11:26:02","slug":"conditions-dutilisation","status":"publish","type":"page","link":"https:\/\/decor-family.fr\/it\/conditions-dutilisation\/","title":{"rendered":"Conditions d&rsquo;utilisation"},"content":{"rendered":"<div data-elementor-type=\"wp-page\" data-elementor-id=\"530\" class=\"elementor elementor-530\">\n\t\t\t\t\t\t<section class=\"elementor-section elementor-top-section elementor-element elementor-element-e8e5d51 elementor-section-boxed elementor-section-height-default elementor-section-height-default\" data-id=\"e8e5d51\" data-element_type=\"section\">\n\t\t\t\t\t\t<div class=\"elementor-container elementor-column-gap-default\">\n\t\t\t\t\t<div class=\"elementor-column elementor-col-100 elementor-top-column elementor-element elementor-element-3ed6b81b\" data-id=\"3ed6b81b\" data-element_type=\"column\">\n\t\t\t<div class=\"elementor-widget-wrap elementor-element-populated\">\n\t\t\t\t\t\t\t<\/div>\n\t\t<\/div>\n\t\t\t\t\t<\/div>\n\t\t<\/section>\n\t\t\t\t<section class=\"elementor-section elementor-top-section elementor-element elementor-element-0fecbc9 elementor-section-boxed elementor-section-height-default elementor-section-height-default\" data-id=\"0fecbc9\" data-element_type=\"section\">\n\t\t\t\t\t\t<div class=\"elementor-container elementor-column-gap-default\">\n\t\t\t\t\t<div class=\"elementor-column elementor-col-100 elementor-top-column elementor-element elementor-element-99e8d49\" data-id=\"99e8d49\" data-element_type=\"column\">\n\t\t\t<div class=\"elementor-widget-wrap\">\n\t\t\t\t\t\t\t<\/div>\n\t\t<\/div>\n\t\t\t\t\t<\/div>\n\t\t<\/section>\n\t\t\t\t<section class=\"elementor-section elementor-top-section elementor-element elementor-element-0e1d30f elementor-section-boxed elementor-section-height-default elementor-section-height-default\" data-id=\"0e1d30f\" data-element_type=\"section\">\n\t\t\t\t\t\t<div class=\"elementor-container elementor-column-gap-default\">\n\t\t\t\t\t<div class=\"elementor-column elementor-col-100 elementor-top-column elementor-element elementor-element-cb156e8\" data-id=\"cb156e8\" data-element_type=\"column\">\n\t\t\t<div class=\"elementor-widget-wrap elementor-element-populated\">\n\t\t\t\t\t\t<div class=\"elementor-element elementor-element-8d4f1d8 elementor-widget elementor-widget-heading\" data-id=\"8d4f1d8\" data-element_type=\"widget\" data-widget_type=\"heading.default\">\n\t\t\t\t<div class=\"elementor-widget-container\">\n\t\t\t<style>\/*! elementor - v3.21.0 - 15-04-2024 *\/\n.elementor-heading-title{padding:0;margin:0;line-height:1}.elementor-widget-heading .elementor-heading-title[class*=elementor-size-]>a{color:inherit;font-size:inherit;line-height:inherit}.elementor-widget-heading .elementor-heading-title.elementor-size-small{font-size:15px}.elementor-widget-heading .elementor-heading-title.elementor-size-medium{font-size:19px}.elementor-widget-heading .elementor-heading-title.elementor-size-large{font-size:29px}.elementor-widget-heading .elementor-heading-title.elementor-size-xl{font-size:39px}.elementor-widget-heading .elementor-heading-title.elementor-size-xxl{font-size:59px}<\/style><h2 class=\"elementor-heading-title elementor-size-default\">Condizioni d'uso<\/h2>\t\t<\/div>\n\t\t\t\t<\/div>\n\t\t\t\t\t<\/div>\n\t\t<\/div>\n\t\t\t\t\t<\/div>\n\t\t<\/section>\n\t\t\t\t<section class=\"elementor-section elementor-top-section elementor-element elementor-element-9531b63 elementor-section-boxed elementor-section-height-default elementor-section-height-default\" data-id=\"9531b63\" data-element_type=\"section\">\n\t\t\t\t\t\t<div class=\"elementor-container elementor-column-gap-default\">\n\t\t\t\t\t<div class=\"elementor-column elementor-col-100 elementor-top-column elementor-element elementor-element-fbd2602\" data-id=\"fbd2602\" data-element_type=\"column\">\n\t\t\t<div class=\"elementor-widget-wrap elementor-element-populated\">\n\t\t\t\t\t\t<div class=\"elementor-element elementor-element-7b60c18 elementor-widget elementor-widget-text-editor\" data-id=\"7b60c18\" data-element_type=\"widget\" data-widget_type=\"text-editor.default\">\n\t\t\t\t<div class=\"elementor-widget-container\">\n\t\t\t<style>\/*! elementor - v3.21.0 - 15-04-2024 *\/\n.elementor-widget-text-editor.elementor-drop-cap-view-stacked .elementor-drop-cap{background-color:#69727d;color:#fff}.elementor-widget-text-editor.elementor-drop-cap-view-framed .elementor-drop-cap{color:#69727d;border:3px solid;background-color:transparent}.elementor-widget-text-editor:not(.elementor-drop-cap-view-default) .elementor-drop-cap{margin-top:8px}.elementor-widget-text-editor:not(.elementor-drop-cap-view-default) .elementor-drop-cap-letter{width:1em;height:1em}.elementor-widget-text-editor .elementor-drop-cap{float:left;text-align:center;line-height:1;font-size:50px}.elementor-widget-text-editor .elementor-drop-cap-letter{display:inline-block}<\/style>\t\t\t\t<p>Benvenuti sul sito web di Decor Family! Apprezziamo la vostra scelta di visitarci e utilizzare i servizi e le informazioni fornite dalla nostra azienda. Per garantire un'esperienza piacevole e sicura, vi preghiamo di leggere attentamente la Politica di Utilizzo del Sito Web presentata di seguito:<\/p><ol><li><p>Accettazione dei Termini. \nAccedendo e utilizzando questo sito web, accettate di rispettare tutti i termini e le condizioni di questa Politica di Utilizzo del Sito Web. Se non accettate questi termini, vi preghiamo di uscire dal nostro sito.<\/p><\/li><li><p>Utilizzo del Sito Web. \nIl sito web di Decor Family e il suo contenuto sono destinati esclusivamente all'uso personale e non commerciale. Non \u00e8 consentito copiare, distribuire, modificare, trasmettere, visualizzare, riprodurre, pubblicare, vendere o creare opere derivate da qualsiasi parte di questo sito senza il nostro esplicito consenso scritto.<\/p><\/li><li><p>Contenuto del Sito Web. \nCi sforziamo di fornire informazioni accurate e aggiornate sul nostro sito web. Tuttavia, non possiamo garantire che tutte le informazioni siano completamente corrette e aggiornate in ogni momento. Decor Family declina ogni responsabilit\u00e0 per errori o omissioni nel contenuto del sito.<\/p><\/li><li><p>Protezione dei Dati Personali. \nDurante l'utilizzo del nostro sito, potremmo chiedervi di fornire determinati dati personali. Vi assicuriamo che rispettiamo la riservatezza di questi dati e agiamo in conformit\u00e0 con la nostra Informativa sulla Privacy. Per ulteriori informazioni sul trattamento dei dati personali, vi invitiamo a consultare la nostra Informativa sulla Privacy.<\/p><\/li><li><p>Propriet\u00e0 Intellettuale. \nTutti i diritti di propriet\u00e0 intellettuale relativi al contenuto del sito, inclusi ma non limitati a testi, immagini, loghi, marchi commerciali e design, sono di propriet\u00e0 di Decor Family o dei loro titolari dei diritti. L'utilizzo del sito non conferisce alcun diritto di licenza o di propriet\u00e0 intellettuale all'utente.<\/p><\/li><li><p>Collegamenti Esterni. \nIl nostro sito potrebbe contenere collegamenti a siti web di terze parti. Questi collegamenti sono forniti solo a scopo informativo e non costituiscono un'approvazione o una garanzia del contenuto di tali siti. Decor Family declina ogni responsabilit\u00e0 per il contenuto o le pratiche sulla privacy dei siti di terze parti.<\/p><\/li><li><p>Modifiche alla Politica. \nCi riserviamo il diritto di modificare o aggiornare questa Politica di Utilizzo del Sito Web in qualsiasi momento, senza preavviso. Vi incoraggiamo a controllare periodicamente questa pagina per essere informati su eventuali modifiche.<\/p><\/li><li><p>Contatti. \nSe avete domande o preoccupazioni riguardo a questa Politica di Utilizzo del Sito Web o alle nostre pratiche, vi preghiamo di contattarci all'indirizzo email o al numero di telefono fornito sul nostro sito.<\/p><\/li><\/ol><p>Grazie per aver scelto Decor Family! Speriamo di offrirvi un'esperienza piacevole e vantaggiosa sul nostro sito web.<\/p><p>Il Team di Decor Family<\/p>\t\t\t\t\t\t<\/div>\n\t\t\t\t<\/div>\n\t\t\t\t\t<\/div>\n\t\t<\/div>\n\t\t\t\t\t<\/div>\n\t\t<\/section>\n\t\t\t\t<\/div>","protected":false},"excerpt":{"rendered":"<p>Conditions d&rsquo;utilisation Bienvenue sur le site de Decor Family ! Nous vous remercions d&rsquo;avoir choisi de nous rendre visite et d&rsquo;utiliser les services et les informations fournis par notre entreprise. Afin de garantir une exp\u00e9rience agr\u00e9able et s\u00e9curis\u00e9e, veuillez lire attentivement la Politique d&rsquo;utilisation du site pr\u00e9sent\u00e9e ci-dessous : Acceptation des termes. En acc\u00e9dant \u00e0 [&hellip;]<\/p>","protected":false},"author":1,"featured_media":0,"parent":0,"menu_order":0,"comment_status":"closed","ping_status":"closed","template":"","meta":{"footnotes":""},"class_list":["post-530","page","type-page","status-publish","hentry"],"_links":{"self":[{"href":"https:\/\/decor-family.fr\/it\/wp-json\/wp\/v2\/pages\/530","targetHints":{"allow":["GET"]}}],"collection":[{"href":"https:\/\/decor-family.fr\/it\/wp-json\/wp\/v2\/pages"}],"about":[{"href":"https:\/\/decor-family.fr\/it\/wp-json\/wp\/v2\/types\/page"}],"author":[{"embeddable":true,"href":"https:\/\/decor-family.fr\/it\/wp-json\/wp\/v2\/users\/1"}],"replies":[{"embeddable":true,"href":"https:\/\/decor-family.fr\/it\/wp-json\/wp\/v2\/comments?post=530"}],"version-history":[{"count":22,"href":"https:\/\/decor-family.fr\/it\/wp-json\/wp\/v2\/pages\/530\/revisions"}],"predecessor-version":[{"id":632,"href":"https:\/\/decor-family.fr\/it\/wp-json\/wp\/v2\/pages\/530\/revisions\/632"}],"wp:attachment":[{"href":"https:\/\/decor-family.fr\/it\/wp-json\/wp\/v2\/media?parent=530"}],"curies":[{"name":"wp","href":"https:\/\/api.w.org\/{rel}","templated":true}]}}