{"id":530,"date":"2023-07-28T10:39:21","date_gmt":"2023-07-28T10:39:21","guid":{"rendered":"https:\/\/decor-family.fr\/?page_id=530"},"modified":"2023-07-28T11:26:02","modified_gmt":"2023-07-28T11:26:02","slug":"conditions-dutilisation","status":"publish","type":"page","link":"https:\/\/decor-family.fr\/ro\/conditions-dutilisation\/","title":{"rendered":"Conditions d&rsquo;utilisation"},"content":{"rendered":"<div data-elementor-type=\"wp-page\" data-elementor-id=\"530\" class=\"elementor elementor-530\">\n\t\t\t\t\t\t<section class=\"elementor-section elementor-top-section elementor-element elementor-element-e8e5d51 elementor-section-boxed elementor-section-height-default elementor-section-height-default\" data-id=\"e8e5d51\" data-element_type=\"section\">\n\t\t\t\t\t\t<div class=\"elementor-container elementor-column-gap-default\">\n\t\t\t\t\t<div class=\"elementor-column elementor-col-100 elementor-top-column elementor-element elementor-element-3ed6b81b\" data-id=\"3ed6b81b\" data-element_type=\"column\">\n\t\t\t<div class=\"elementor-widget-wrap elementor-element-populated\">\n\t\t\t\t\t\t\t<\/div>\n\t\t<\/div>\n\t\t\t\t\t<\/div>\n\t\t<\/section>\n\t\t\t\t<section class=\"elementor-section elementor-top-section elementor-element elementor-element-0fecbc9 elementor-section-boxed elementor-section-height-default elementor-section-height-default\" data-id=\"0fecbc9\" data-element_type=\"section\">\n\t\t\t\t\t\t<div class=\"elementor-container elementor-column-gap-default\">\n\t\t\t\t\t<div class=\"elementor-column elementor-col-100 elementor-top-column elementor-element elementor-element-99e8d49\" data-id=\"99e8d49\" data-element_type=\"column\">\n\t\t\t<div class=\"elementor-widget-wrap\">\n\t\t\t\t\t\t\t<\/div>\n\t\t<\/div>\n\t\t\t\t\t<\/div>\n\t\t<\/section>\n\t\t\t\t<section class=\"elementor-section elementor-top-section elementor-element elementor-element-0e1d30f elementor-section-boxed elementor-section-height-default elementor-section-height-default\" data-id=\"0e1d30f\" data-element_type=\"section\">\n\t\t\t\t\t\t<div class=\"elementor-container elementor-column-gap-default\">\n\t\t\t\t\t<div class=\"elementor-column elementor-col-100 elementor-top-column elementor-element elementor-element-cb156e8\" data-id=\"cb156e8\" data-element_type=\"column\">\n\t\t\t<div class=\"elementor-widget-wrap elementor-element-populated\">\n\t\t\t\t\t\t<div class=\"elementor-element elementor-element-8d4f1d8 elementor-widget elementor-widget-heading\" data-id=\"8d4f1d8\" data-element_type=\"widget\" data-widget_type=\"heading.default\">\n\t\t\t\t<div class=\"elementor-widget-container\">\n\t\t\t<style>\/*! elementor - v3.21.0 - 15-04-2024 *\/\n.elementor-heading-title{padding:0;margin:0;line-height:1}.elementor-widget-heading .elementor-heading-title[class*=elementor-size-]>a{color:inherit;font-size:inherit;line-height:inherit}.elementor-widget-heading .elementor-heading-title.elementor-size-small{font-size:15px}.elementor-widget-heading .elementor-heading-title.elementor-size-medium{font-size:19px}.elementor-widget-heading .elementor-heading-title.elementor-size-large{font-size:29px}.elementor-widget-heading .elementor-heading-title.elementor-size-xl{font-size:39px}.elementor-widget-heading .elementor-heading-title.elementor-size-xxl{font-size:59px}<\/style><h2 class=\"elementor-heading-title elementor-size-default\">Condi\u021bii de utilizare<\/h2>\t\t<\/div>\n\t\t\t\t<\/div>\n\t\t\t\t\t<\/div>\n\t\t<\/div>\n\t\t\t\t\t<\/div>\n\t\t<\/section>\n\t\t\t\t<section class=\"elementor-section elementor-top-section elementor-element elementor-element-9531b63 elementor-section-boxed elementor-section-height-default elementor-section-height-default\" data-id=\"9531b63\" data-element_type=\"section\">\n\t\t\t\t\t\t<div class=\"elementor-container elementor-column-gap-default\">\n\t\t\t\t\t<div class=\"elementor-column elementor-col-100 elementor-top-column elementor-element elementor-element-fbd2602\" data-id=\"fbd2602\" data-element_type=\"column\">\n\t\t\t<div class=\"elementor-widget-wrap elementor-element-populated\">\n\t\t\t\t\t\t<div class=\"elementor-element elementor-element-7b60c18 elementor-widget elementor-widget-text-editor\" data-id=\"7b60c18\" data-element_type=\"widget\" data-widget_type=\"text-editor.default\">\n\t\t\t\t<div class=\"elementor-widget-container\">\n\t\t\t<style>\/*! elementor - v3.21.0 - 15-04-2024 *\/\n.elementor-widget-text-editor.elementor-drop-cap-view-stacked .elementor-drop-cap{background-color:#69727d;color:#fff}.elementor-widget-text-editor.elementor-drop-cap-view-framed .elementor-drop-cap{color:#69727d;border:3px solid;background-color:transparent}.elementor-widget-text-editor:not(.elementor-drop-cap-view-default) .elementor-drop-cap{margin-top:8px}.elementor-widget-text-editor:not(.elementor-drop-cap-view-default) .elementor-drop-cap-letter{width:1em;height:1em}.elementor-widget-text-editor .elementor-drop-cap{float:left;text-align:center;line-height:1;font-size:50px}.elementor-widget-text-editor .elementor-drop-cap-letter{display:inline-block}<\/style>\t\t\t\t<p>Bun venit pe site-ul Decor Family! Apreciem c\u0103 a\u021bi ales s\u0103 ne vizita\u021bi \u0219i s\u0103 utiliza\u021bi serviciile \u0219i informa\u021biile puse la dispozi\u021bie de compania noastr\u0103. Pentru a v\u0103 asigura o experien\u021b\u0103 pl\u0103cut\u0103 \u0219i sigur\u0103, v\u0103 rug\u0103m s\u0103 citi\u021bi cu aten\u021bie Politica de Utilizare a Site-ului prezentat\u0103 mai jos:<\/p><ol><li><p>Acceptarea Termenilor. \nPrin accesarea \u0219i utilizarea acestui site, sunte\u021bi de acord s\u0103 respecta\u021bi \u0219i s\u0103 fi\u021bi obligat de to\u021bi termenii \u0219i condi\u021biile prezente \u00een aceast\u0103 Politic\u0103 de Utilizare a Site-ului. \u00cen cazul \u00een care nu sunte\u021bi de acord cu ace\u0219ti termeni, v\u0103 rug\u0103m s\u0103 p\u0103r\u0103si\u021bi site-ul nostru.<\/p><\/li><li><p>Utilizarea Site-ului. \nSite-ul Decor Family \u0219i con\u021binutul s\u0103u sunt destinate exclusiv utiliz\u0103rii personale \u0219i non-comerciale. Nu ave\u021bi voie s\u0103 copia\u021bi, distribui\u021bi, modifica\u021bi, transmite\u021bi, afi\u0219a\u021bi, reproduce\u021bi, publica\u021bi, vinde\u021bi sau crea\u021bi lucr\u0103ri derivate din orice parte a acestui site, f\u0103r\u0103 acordul nostru scris explicit.<\/p><\/li><li><p>Con\u021binutul Site-ului. \nNe str\u0103duim s\u0103 furniz\u0103m informa\u021bii precise \u0219i actualizate pe site-ul nostru. Cu toate acestea, nu putem garanta c\u0103 toate informa\u021biile sunt complet corecte \u0219i actualizate \u00een fiecare moment. Decor Family nu \u00ee\u0219i asum\u0103 nicio r\u0103spundere pentru erori sau omisiuni \u00een con\u021binutul site-ului.<\/p><\/li><li><p>Protec\u021bia Datelor cu Caracter Personal. \n\u00cen timpul utiliz\u0103rii site-ului nostru, este posibil s\u0103 v\u0103 solicit\u0103m s\u0103 furniza\u021bi anumite date cu caracter personal. V\u0103 asigur\u0103m c\u0103 respect\u0103m confiden\u021bialitatea acestor date \u0219i c\u0103 ac\u021bion\u0103m conform Politicii noastre de Confiden\u021bialitate. Pentru mai multe informa\u021bii cu privire la prelucrarea datelor cu caracter personal, v\u0103 rug\u0103m s\u0103 consulta\u021bi Politica noastr\u0103 de Confiden\u021bialitate.<\/p><\/li><li><p>Proprietatea Intelectual\u0103. \nToate drepturile de proprietate intelectual\u0103 asupra con\u021binutului site-ului, inclusiv dar f\u0103r\u0103 a se limita la texte, imagini, logo-uri, m\u0103rci comerciale \u0219i design, sunt de\u021binute de Decor Family sau de\u021bin\u0103torii s\u0103i de drepturi. Utilizarea site-ului nu confer\u0103 drepturi de licen\u021b\u0103 sau drepturi de proprietate intelectual\u0103 \u00een favoarea utilizatorului.<\/p><\/li><li><p>Leg\u0103turi Externe. \nSite-ul nostru poate con\u021bine leg\u0103turi c\u0103tre site-uri ter\u021be. Aceste leg\u0103turi sunt oferite doar \u00een scop informativ \u0219i nu reprezint\u0103 o sus\u021binere sau o garan\u021bie a con\u021binutului de pe acele site-uri. Decor Family nu \u00ee\u0219i asum\u0103 nicio responsabilitate pentru con\u021binutul sau practicile de confiden\u021bialitate ale site-urilor ter\u021be.<\/p><\/li><li><p>Modific\u0103ri ale Politicii. \nNe rezerv\u0103m dreptul de a modifica sau actualiza aceast\u0103 Politic\u0103 de Utilizare a Site-ului \u00een orice moment, f\u0103r\u0103 notificare prealabil\u0103. V\u0103 \u00eencuraj\u0103m s\u0103 verifica\u021bi periodic aceast\u0103 pagin\u0103 pentru a fi la curent cu orice modific\u0103ri.<\/p><\/li><li><p>Contact. \nDac\u0103 ave\u021bi \u00eentreb\u0103ri sau nel\u0103muriri cu privire la aceast\u0103 Politic\u0103 de Utilizare a Site-ului sau la practicile noastre, v\u0103 rug\u0103m s\u0103 ne contacta\u021bi la adresa de e-mail sau num\u0103rul de telefon furnizat pe site-ul nostru.<\/p><\/li><\/ol><p>V\u0103 mul\u021bumim c\u0103 a\u021bi ales Decor Family! Sper\u0103m s\u0103 v\u0103 oferim o experien\u021b\u0103 pl\u0103cut\u0103 \u0219i benefic\u0103 pe site-ul nostru.<\/p><p>Echipa Decor Family<\/p>\t\t\t\t\t\t<\/div>\n\t\t\t\t<\/div>\n\t\t\t\t\t<\/div>\n\t\t<\/div>\n\t\t\t\t\t<\/div>\n\t\t<\/section>\n\t\t\t\t<\/div>","protected":false},"excerpt":{"rendered":"<p>Conditions d&rsquo;utilisation Bienvenue sur le site de Decor Family ! Nous vous remercions d&rsquo;avoir choisi de nous rendre visite et d&rsquo;utiliser les services et les informations fournis par notre entreprise. Afin de garantir une exp\u00e9rience agr\u00e9able et s\u00e9curis\u00e9e, veuillez lire attentivement la Politique d&rsquo;utilisation du site pr\u00e9sent\u00e9e ci-dessous : Acceptation des termes. En acc\u00e9dant \u00e0 [&hellip;]<\/p>","protected":false},"author":1,"featured_media":0,"parent":0,"menu_order":0,"comment_status":"closed","ping_status":"closed","template":"","meta":{"footnotes":""},"class_list":["post-530","page","type-page","status-publish","hentry"],"_links":{"self":[{"href":"https:\/\/decor-family.fr\/ro\/wp-json\/wp\/v2\/pages\/530","targetHints":{"allow":["GET"]}}],"collection":[{"href":"https:\/\/decor-family.fr\/ro\/wp-json\/wp\/v2\/pages"}],"about":[{"href":"https:\/\/decor-family.fr\/ro\/wp-json\/wp\/v2\/types\/page"}],"author":[{"embeddable":true,"href":"https:\/\/decor-family.fr\/ro\/wp-json\/wp\/v2\/users\/1"}],"replies":[{"embeddable":true,"href":"https:\/\/decor-family.fr\/ro\/wp-json\/wp\/v2\/comments?post=530"}],"version-history":[{"count":22,"href":"https:\/\/decor-family.fr\/ro\/wp-json\/wp\/v2\/pages\/530\/revisions"}],"predecessor-version":[{"id":632,"href":"https:\/\/decor-family.fr\/ro\/wp-json\/wp\/v2\/pages\/530\/revisions\/632"}],"wp:attachment":[{"href":"https:\/\/decor-family.fr\/ro\/wp-json\/wp\/v2\/media?parent=530"}],"curies":[{"name":"wp","href":"https:\/\/api.w.org\/{rel}","templated":true}]}}